{"id":1335,"date":"2026-02-12T17:14:54","date_gmt":"2026-02-12T16:14:54","guid":{"rendered":"https:\/\/carovanruit.de\/sell\/?page_id=1335"},"modified":"2026-03-16T09:07:54","modified_gmt":"2026-03-16T08:07:54","slug":"impressum","status":"publish","type":"page","link":"https:\/\/carovanruit.de\/sell\/impressum\/","title":{"rendered":"Impressum"},"content":{"rendered":"\n<p><strong>Website-Inhaber und Betreiber<\/strong> der URL &#8222;carovanruit.de&#8220;<\/p>\n\n\n\n<p><strong>Wolf-Reiner Hoeftmann<\/strong><\/p>\n\n\n\n<p>alias <strong>Caro van Ruit<\/strong> ( Caro Rhombus Raute van Ruit)<\/p>\n\n\n\n<p>Bodelschwinghstr. 29, 99425 Weimar \/ Th\u00fcringen&nbsp; Germany&nbsp;<\/p>\n\n\n\n<p>Steuernummer: 162\/232\/20472<\/p>\n\n\n\n<p>Email:&nbsp; <a href=\"mailto:reiner-hoeftmann@arcor.de\">reiner-hoeftmann@arcor.de<\/a>&nbsp;<\/p>\n\n\n\n<p>&nbsp;This website complies with the provisions of EU GDPR<\/p>\n\n\n\n<p>Webdesign: CMS-Software &#8222;WordPress&#8220; (Version 6.9 Stand 2026-2-12)<\/p>\n\n\n\n<p>Shop: WooCommerce (Version 10.5. Stand 2026-2-12)<\/p>\n\n\n\n<p>Statistik. indepented analytics standard (Version 2.14.4\u00a0)<\/p>\n\n\n\n<p><br>&nbsp; &nbsp; &nbsp; Die in meinem Shop dargestellten Kunstwerke, Gem\u00e4lde, Zeichnungen, Fotos und Collagen sind alle von mir erstellte Originale. Die Musikartikel; Alben und Singels sind alle von mir erstellte Kompositionen, in Ton und Text, Arragements und mastering mein gesitiges Eigentum und in Form von Datentr\u00e4ger hier als Kopien zum Erwerb angeboten.<\/p>\n\n\n\n<ol class=\"wp-block-list\">\n<li><strong>Haftungsbeschr\u00e4nkung<\/strong><\/li>\n<\/ol>\n\n\n\n<p>Die Inhalte dieser Website werden mit gr\u00f6\u00dftm\u00f6glicher Sorgfalt erstellt. Der Anbiete \u00fcbernimmt jedoch keine Gew\u00e4hr f\u00fcr die Richtigkeit,<br>&nbsp; &nbsp; &nbsp; &nbsp; Vollst\u00e4ndigkeit und Aktualit\u00e4t der bereitgestellten Inhalte. Die Nutzung der Inhalte der Website erfolgt auf eigene Gefahr des Nutzers.<br>&nbsp; &nbsp; &nbsp; &nbsp; Namentlich gekennzeichnete Beitr\u00e4ge geben die Meinung des jeweiligen &nbsp; &nbsp;Autors und nicht immer die Meinung des Anbieters wieder.<br>&nbsp; &nbsp; &nbsp; &nbsp; Mit der reinen Nutzung der Website des Anbieters kommt keinerlei Vertragsverh\u00e4ltnis zwischen dem Nutzer und dem Anbieter zustande.<\/p>\n\n\n\n<p><strong>2. Externe Link<\/strong><\/p>\n\n\n\n<p>Diese Website enth\u00e4lt Verkn\u00fcpfungen zu Websites Dritter (&#8222;externe Links&#8220;). Diese Websites unterliegen der Haftung der jeweiligen Betreiber.<br>&nbsp; &nbsp; &nbsp; &nbsp; Der Anbieter hat bei der erstmaligen Verkn\u00fcpfung der externen Links die fremden Inhalte daraufhin \u00fcberpr\u00fcft, ob etwaige Rechtsverst\u00f6\u00dfe bestehen.<br>&nbsp; &nbsp; &nbsp; &nbsp; Zu dem Zeitpunkt waren keine Rechtsverst\u00f6\u00dfe ersichtlich. Der Anbieter hat keinerlei Einfluss auf die aktuelle und uk\u00fcnftige Gestaltung und auf die Inhalte der verkn\u00fcpften Seiten.<br>&nbsp; &nbsp; &nbsp; &nbsp; Das Setzen von externen Links bedeutet nicht, dass sich der Anbieter die hinter dem Verweis oder Link liegenden Inhalte zu Eigen macht.<br>&nbsp; &nbsp; &nbsp; &nbsp; Eine st\u00e4ndige Kontrolle der externen Links ist f\u00fcr den Anbieter ohne konkrete Hinweise auf Rechtsverst\u00f6\u00dfe nicht zumutbar.<br>&nbsp; &nbsp; &nbsp; &nbsp; Bei Kenntnis von Rechtsverst\u00f6\u00dfen werden jedoch derartige externe Links unverz\u00fcglich gel\u00f6scht.<\/p>\n\n\n\n<p><strong>3. Urheber- und Leistungsschutzrechte<\/strong><\/p>\n\n\n\n<p>Die auf dieser Website ver\u00f6ffentlichten Inhalte unterliegen dem &nbsp;deutschen Urheber- und Leistungsschutzrecht. Jede vom deutschen Urheber- &nbsp;und Leistungsschutzrecht nicht zugelassene Verwertung bedarf der &nbsp;vorherigen schriftlichen Zustimmung des Anbieters oder jeweiligen &nbsp; Rechteinhabers. Dies gilt insbesondere f\u00fcr Vervielf\u00e4ltigung, &nbsp; Bearbeitung, \u00dcbersetzung, Einspeicherung, Verarbeitung bzw. Wiedergabe von Inhalten in Datenbanken oder anderen elektronischen Medien und &nbsp;Systemen. Inhalte und Rechte Dritter sind dabei als solche gekennzeichnet. Die unerlaubte Vervielf\u00e4ltigung oder Weitergabe &nbsp;einzelner Inhalte oder kompletter Seiten ist nicht gestattet und strafbar. Lediglich die Herstellung von Kopien und Downloads f\u00fcr den pers\u00f6nlichen, privaten und nicht kommerziellen Gebrauch ist erlaubt.<\/p>\n\n\n\n<p><strong>4.Datenschutz<\/strong><\/p>\n\n\n\n<p>Durch den Besuch der Website des Anbieters k\u00f6nnen Informationen \u00fcber den &nbsp;Zugriff (Datum, Uhrzeit, betrachtete Seite) gespeichert werden. Diese &nbsp;Daten geh\u00f6ren nicht zu den personenbezogenen Daten, sondern sind &nbsp;anonymisiert. Sie werden ausschlie\u00dflich zu statistischen Zwecken ausgewertet. Eine Weitergabe an Dritte, zu kommerziellen oder nichtkommerziellen Zwecken, findet nicht statt. Der Anbieter weist ausdr\u00fccklich darauf hin, dass die Daten\u00fcbertragung im Internet (z.B. bei der Kommunikation per E-Mail) Sicherheitsl\u00fccken aufweisen und nicht l\u00fcckenlos vor dem Zugriff durch ritte gesch\u00fctzt werden kann.<br>&nbsp; &nbsp; &nbsp; &nbsp; &nbsp; &nbsp; Die Verwendung der Kontaktdaten des Impressums zur gewerblichen Werbung&nbsp;<br>&nbsp; &nbsp; &nbsp; &nbsp; &nbsp; ist ausdr\u00fccklich nicht erw\u00fcnscht, es sei denn der Anbieter hatte zuvor &nbsp;seine schriftliche Einwilligung erteilt oder es besteht bereits eine &nbsp;Gesch\u00e4ftsbeziehung. Der Anbieter und alle auf dieser Website genannten &nbsp;Personen widersprechen hiermit jeder kommerziellen Verwendung und Weitergabe ihrer Daten. Personenbezogene Daten<br>&nbsp; &nbsp; &nbsp; &nbsp; &nbsp; &nbsp; Sie k\u00f6nnen unsere Webseite ohne Angabe personenbezogener Daten besuchen. &nbsp; &nbsp; &nbsp; &nbsp; &nbsp;Soweit auf unseren Seiten personenbezogene Daten (wie Name, Anschrift &nbsp; oder E-Mail Adresse) erhoben werden, erfolgt dies, soweit m\u00f6glich, auf freiwilliger Basis. Diese Daten werden ohne Ihre ausdr\u00fcckliche &nbsp;Zustimmung nicht an Dritte weitergegeben. Sofern zwischen Ihnen und uns &nbsp;ein Vertragsverh\u00e4ltnis begr\u00fcndet, inhaltlich ausgestaltet oder ge\u00e4ndert &nbsp; werden soll oder Sie an uns eine Anfrage stellen, erheben und verwenden &nbsp;wir personenbezogene Daten von Ihnen, soweit dies zu diesen Zwecken erforderlich ist (Bestandsdaten). Wir erheben, verarbeiten und nutzen personenbezogene Daten soweit dies erforderlich ist, um Ihnen die &nbsp;Inanspruchnahme des Webangebots zu erm\u00f6glichen (Nutzungsdaten). &nbsp;S\u00e4mtliche personenbezogenen Daten werden nur solange gespeichert wie &nbsp;dies f\u00fcr den geannten Zweck (Bearbeitung Ihrer Anfrage oder Abwicklung &nbsp;eines Vertrags) erforderlich ist. Hierbei werden steuer- und &nbsp;handelsrechtliche Aufbewahrungsfristen ber\u00fccksichtigt. Auf Anordnung der zust\u00e4ndigen Stellen d\u00fcrfen wir im Einzelfall Auskunft \u00fcber diese Daten &nbsp; (Bestandsdaten) erteilen, soweit dies f\u00fcr Zwecke der Strafverfolgung, zur Gefahrenabwehr, zur Erf\u00fcllung der gesetzlichen Aufgaben der &nbsp;Verfassungsschutzbeh\u00f6rden oder des Milit\u00e4rischen Abschirmdienstes oder &nbsp;zur Durchsetzung der Rechte am geistigen Eigentum erforderlich ist. Kommentarfunktionen<br>&nbsp; &nbsp; &nbsp; &nbsp; Im Rahmen der Kommentarfunktion erheben wir personenbezogene Daten (z.B. &nbsp; &nbsp; &nbsp;Name, E-Mail) im Rahmen Ihrer Kommentierung zu einem Beitrag nur in dem &nbsp; &nbsp; Umfang wie Sie ihn uns mitgeteilt haben. Bei der Ver\u00f6ffentlichung eines &nbsp;Kommentars wird die von Ihnen angegebene Email-Adresse gespeichert, aber nicht ver\u00f6ffentlicht. Ihr Name wird ver\u00f6ffentlicht, wenn Sie nicht unter &nbsp;Pseudonym geschrieben haben.<\/p>\n\n\n\n<p><strong>5. Auskunftsrecht<\/strong><\/p>\n\n\n\n<p>Sie haben das jederzeitige Recht, sich unentgeltlich und unverz\u00fcglich \u00fcber die zu Ihrer Person erhobenen Daten zu erkundigen. Sie haben das jederzeitige Recht, Ihre Zustimmung zur Verwendung Ihrer angegeben &nbsp;pers\u00f6nlichen Daten mit Wirkung f\u00fcr die Zukunft zu widerrufen. Zur &nbsp;Auskunftserteilung wenden Sie sich bitte an den Anbieter unter den Kontaktdaten im Impressum.<\/p>\n\n\n\n<p><strong>6. &nbsp;Besondere Nutzungsbedingungen<\/strong><\/p>\n\n\n\n<p>Insoweit besondere Bedingungen f\u00fcr einzelne Nutzungen dieser Website &nbsp;von den vorgenannten Nummern 1. bis 4. abweichen, wird an entsprechender &nbsp;Stelle ausdr\u00fccklich darauf hingewiesen. In diesem Falle gelten im &nbsp;jeweiligen Einzelfall die besonderen Nutzungsbedingungen.<\/p>\n\n\n\n<p>(Quelle: &nbsp;http:\/\/www.juraforum.de\/disclaimer_muster\/&nbsp;&nbsp; von Juraforum.de.)<\/p>\n","protected":false},"excerpt":{"rendered":"<p>Website-Inhaber und Betreiber der URL &#8222;carovanruit.de&#8220; Wolf-Reiner Hoeftmann alias Caro van Ruit ( Caro Rhombus Raute van Ruit) Bodelschwinghstr. 29, 99425 Weimar \/ Th\u00fcringen&nbsp; Germany&nbsp; Steuernummer: 162\/232\/20472 Email:&nbsp; reiner-hoeftmann@arcor.de&nbsp; &nbsp;This website complies with the provisions of EU GDPR Webdesign: CMS-Software &#8222;WordPress&#8220; (Version 6.9 Stand 2026-2-12) Shop: WooCommerce (Version 10.5. Stand 2026-2-12) Statistik. indepented analytics standard [&hellip;]<\/p>\n","protected":false},"author":2,"featured_media":0,"parent":0,"menu_order":0,"comment_status":"closed","ping_status":"closed","template":"","meta":{"iawp_total_views":6,"footnotes":""},"class_list":["post-1335","page","type-page","status-publish","hentry"],"yoast_head":"<!-- This site is optimized with the Yoast SEO plugin v27.4 - https:\/\/yoast.com\/product\/yoast-seo-wordpress\/ -->\n<title>Impressum - Home<\/title>\n<meta name=\"description\" content=\"Caro-van-Ruit Impressum\" \/>\n<meta name=\"robots\" content=\"index, follow, max-snippet:-1, max-image-preview:large, max-video-preview:-1\" \/>\n<link rel=\"canonical\" href=\"https:\/\/carovanruit.de\/sell\/impressum\/\" \/>\n<meta property=\"og:locale\" content=\"de_DE\" \/>\n<meta property=\"og:type\" content=\"article\" \/>\n<meta property=\"og:title\" content=\"Impressum - Home\" \/>\n<meta property=\"og:description\" content=\"Caro-van-Ruit Impressum\" \/>\n<meta property=\"og:url\" content=\"https:\/\/carovanruit.de\/sell\/impressum\/\" \/>\n<meta property=\"og:site_name\" content=\"Home\" \/>\n<meta property=\"article:publisher\" content=\"https:\/\/www.facebook.com\/carovanruit\" \/>\n<meta property=\"article:modified_time\" content=\"2026-03-16T08:07:54+00:00\" \/>\n<meta name=\"twitter:card\" content=\"summary_large_image\" \/>\n<meta name=\"twitter:site\" content=\"@caro_ruit\" \/>\n<meta name=\"twitter:label1\" content=\"Gesch\u00e4tzte Lesezeit\" \/>\n\t<meta name=\"twitter:data1\" content=\"5\u00a0Minuten\" \/>\n<script type=\"application\/ld+json\" class=\"yoast-schema-graph\">{\"@context\":\"https:\\\/\\\/schema.org\",\"@graph\":[{\"@type\":\"WebPage\",\"@id\":\"https:\\\/\\\/carovanruit.de\\\/sell\\\/impressum\\\/\",\"url\":\"https:\\\/\\\/carovanruit.de\\\/sell\\\/impressum\\\/\",\"name\":\"Impressum - Home\",\"isPartOf\":{\"@id\":\"https:\\\/\\\/carovanruit.de\\\/sell\\\/#website\"},\"datePublished\":\"2026-02-12T16:14:54+00:00\",\"dateModified\":\"2026-03-16T08:07:54+00:00\",\"description\":\"Caro-van-Ruit Impressum\",\"breadcrumb\":{\"@id\":\"https:\\\/\\\/carovanruit.de\\\/sell\\\/impressum\\\/#breadcrumb\"},\"inLanguage\":\"de\",\"potentialAction\":[{\"@type\":\"ReadAction\",\"target\":[\"https:\\\/\\\/carovanruit.de\\\/sell\\\/impressum\\\/\"]}]},{\"@type\":\"BreadcrumbList\",\"@id\":\"https:\\\/\\\/carovanruit.de\\\/sell\\\/impressum\\\/#breadcrumb\",\"itemListElement\":[{\"@type\":\"ListItem\",\"position\":1,\"name\":\"Start\",\"item\":\"https:\\\/\\\/carovanruit.de\\\/sell\\\/\"},{\"@type\":\"ListItem\",\"position\":2,\"name\":\"Impressum\"}]},{\"@type\":\"WebSite\",\"@id\":\"https:\\\/\\\/carovanruit.de\\\/sell\\\/#website\",\"url\":\"https:\\\/\\\/carovanruit.de\\\/sell\\\/\",\"name\":\"Caro van Ruit\",\"description\":\"Kunst ist das Salz des Lebens!\",\"publisher\":{\"@id\":\"https:\\\/\\\/carovanruit.de\\\/sell\\\/#organization\"},\"potentialAction\":[{\"@type\":\"SearchAction\",\"target\":{\"@type\":\"EntryPoint\",\"urlTemplate\":\"https:\\\/\\\/carovanruit.de\\\/sell\\\/?s={search_term_string}\"},\"query-input\":{\"@type\":\"PropertyValueSpecification\",\"valueRequired\":true,\"valueName\":\"search_term_string\"}}],\"inLanguage\":\"de\"},{\"@type\":\"Organization\",\"@id\":\"https:\\\/\\\/carovanruit.de\\\/sell\\\/#organization\",\"name\":\"Kunst ist das Salz des Lebens\",\"url\":\"https:\\\/\\\/carovanruit.de\\\/sell\\\/\",\"logo\":{\"@type\":\"ImageObject\",\"inLanguage\":\"de\",\"@id\":\"https:\\\/\\\/carovanruit.de\\\/sell\\\/#\\\/schema\\\/logo\\\/image\\\/\",\"url\":\"https:\\\/\\\/carovanruit.de\\\/sell\\\/wp-content\\\/uploads\\\/2026\\\/02\\\/cropped-Shoplogo.jpg\",\"contentUrl\":\"https:\\\/\\\/carovanruit.de\\\/sell\\\/wp-content\\\/uploads\\\/2026\\\/02\\\/cropped-Shoplogo.jpg\",\"width\":512,\"height\":512,\"caption\":\"Kunst ist das Salz des Lebens\"},\"image\":{\"@id\":\"https:\\\/\\\/carovanruit.de\\\/sell\\\/#\\\/schema\\\/logo\\\/image\\\/\"},\"sameAs\":[\"https:\\\/\\\/www.facebook.com\\\/carovanruit\",\"https:\\\/\\\/x.com\\\/caro_ruit\",\"https:\\\/\\\/www.instagram.com\\\/carovanruit\\\/\",\"https:\\\/\\\/www.linkedin.com\\\/in\\\/caro-rhombus-van-ruit-51bb87231\\\/\",\"https:\\\/\\\/www.pinterest.de\\\/carorhombusvanruit\\\/\"]}]}<\/script>\n<!-- \/ Yoast SEO plugin. -->","yoast_head_json":{"title":"Impressum - Home","description":"Caro-van-Ruit Impressum","robots":{"index":"index","follow":"follow","max-snippet":"max-snippet:-1","max-image-preview":"max-image-preview:large","max-video-preview":"max-video-preview:-1"},"canonical":"https:\/\/carovanruit.de\/sell\/impressum\/","og_locale":"de_DE","og_type":"article","og_title":"Impressum - Home","og_description":"Caro-van-Ruit Impressum","og_url":"https:\/\/carovanruit.de\/sell\/impressum\/","og_site_name":"Home","article_publisher":"https:\/\/www.facebook.com\/carovanruit","article_modified_time":"2026-03-16T08:07:54+00:00","twitter_card":"summary_large_image","twitter_site":"@caro_ruit","twitter_misc":{"Gesch\u00e4tzte Lesezeit":"5\u00a0Minuten"},"schema":{"@context":"https:\/\/schema.org","@graph":[{"@type":"WebPage","@id":"https:\/\/carovanruit.de\/sell\/impressum\/","url":"https:\/\/carovanruit.de\/sell\/impressum\/","name":"Impressum - Home","isPartOf":{"@id":"https:\/\/carovanruit.de\/sell\/#website"},"datePublished":"2026-02-12T16:14:54+00:00","dateModified":"2026-03-16T08:07:54+00:00","description":"Caro-van-Ruit Impressum","breadcrumb":{"@id":"https:\/\/carovanruit.de\/sell\/impressum\/#breadcrumb"},"inLanguage":"de","potentialAction":[{"@type":"ReadAction","target":["https:\/\/carovanruit.de\/sell\/impressum\/"]}]},{"@type":"BreadcrumbList","@id":"https:\/\/carovanruit.de\/sell\/impressum\/#breadcrumb","itemListElement":[{"@type":"ListItem","position":1,"name":"Start","item":"https:\/\/carovanruit.de\/sell\/"},{"@type":"ListItem","position":2,"name":"Impressum"}]},{"@type":"WebSite","@id":"https:\/\/carovanruit.de\/sell\/#website","url":"https:\/\/carovanruit.de\/sell\/","name":"Caro van Ruit","description":"Kunst ist das Salz des Lebens!","publisher":{"@id":"https:\/\/carovanruit.de\/sell\/#organization"},"potentialAction":[{"@type":"SearchAction","target":{"@type":"EntryPoint","urlTemplate":"https:\/\/carovanruit.de\/sell\/?s={search_term_string}"},"query-input":{"@type":"PropertyValueSpecification","valueRequired":true,"valueName":"search_term_string"}}],"inLanguage":"de"},{"@type":"Organization","@id":"https:\/\/carovanruit.de\/sell\/#organization","name":"Kunst ist das Salz des Lebens","url":"https:\/\/carovanruit.de\/sell\/","logo":{"@type":"ImageObject","inLanguage":"de","@id":"https:\/\/carovanruit.de\/sell\/#\/schema\/logo\/image\/","url":"https:\/\/carovanruit.de\/sell\/wp-content\/uploads\/2026\/02\/cropped-Shoplogo.jpg","contentUrl":"https:\/\/carovanruit.de\/sell\/wp-content\/uploads\/2026\/02\/cropped-Shoplogo.jpg","width":512,"height":512,"caption":"Kunst ist das Salz des Lebens"},"image":{"@id":"https:\/\/carovanruit.de\/sell\/#\/schema\/logo\/image\/"},"sameAs":["https:\/\/www.facebook.com\/carovanruit","https:\/\/x.com\/caro_ruit","https:\/\/www.instagram.com\/carovanruit\/","https:\/\/www.linkedin.com\/in\/caro-rhombus-van-ruit-51bb87231\/","https:\/\/www.pinterest.de\/carorhombusvanruit\/"]}]}},"jetpack_sharing_enabled":true,"_links":{"self":[{"href":"https:\/\/carovanruit.de\/sell\/wp-json\/wp\/v2\/pages\/1335","targetHints":{"allow":["GET"]}}],"collection":[{"href":"https:\/\/carovanruit.de\/sell\/wp-json\/wp\/v2\/pages"}],"about":[{"href":"https:\/\/carovanruit.de\/sell\/wp-json\/wp\/v2\/types\/page"}],"author":[{"embeddable":true,"href":"https:\/\/carovanruit.de\/sell\/wp-json\/wp\/v2\/users\/2"}],"replies":[{"embeddable":true,"href":"https:\/\/carovanruit.de\/sell\/wp-json\/wp\/v2\/comments?post=1335"}],"version-history":[{"count":2,"href":"https:\/\/carovanruit.de\/sell\/wp-json\/wp\/v2\/pages\/1335\/revisions"}],"predecessor-version":[{"id":1775,"href":"https:\/\/carovanruit.de\/sell\/wp-json\/wp\/v2\/pages\/1335\/revisions\/1775"}],"wp:attachment":[{"href":"https:\/\/carovanruit.de\/sell\/wp-json\/wp\/v2\/media?parent=1335"}],"curies":[{"name":"wp","href":"https:\/\/api.w.org\/{rel}","templated":true}]}}