{"id":1348,"date":"2026-02-12T18:36:37","date_gmt":"2026-02-12T17:36:37","guid":{"rendered":"https:\/\/carovanruit.de\/sell\/?page_id=1348"},"modified":"2026-03-16T09:27:49","modified_gmt":"2026-03-16T08:27:49","slug":"rueckerstattung_rueckgaben","status":"publish","type":"page","link":"https:\/\/carovanruit.de\/sell\/rueckerstattung_rueckgaben\/","title":{"rendered":"R\u00fcckerstattungen und R\u00fcckgaben"},"content":{"rendered":"\n<h2 class=\"wp-block-heading\"><strong>\u00dcberblick<\/strong><\/h2>\n\n\n\n<p>Unsere R\u00fcckgabe- und Erstattungsrichtlinie gilt <strong>30 Tage<\/strong>. Nach Ablauf dieser Frist k\u00f6nnen wir Ihnen keine vollst\u00e4ndige R\u00fcckerstattung oder einen Umtausch mehr anbieten.<\/p>\n\n\n\n<p>Um f\u00fcr eine R\u00fcckgabe berechtigt zu sein, muss der Artikel unversehrt und im Originalzustand sein. <\/p>\n\n\n\n<p>Alle Artikel sind Unikate und es gibt keine Ersatzprodukte<\/p>\n\n\n\n<p>Bestimmte Artikel sind von der R\u00fcckgabe ausgeschlossen. <\/p>\n\n\n\n<p>Kunstwerke mit der Begr\u00fcndung &#8222;nicht gefallen&#8220;<\/p>\n\n\n\n<p>Geschenkgutscheine<\/p>\n\n\n\n<p>Softwareprodukte (Musikprodukte) zum Herunterladen<\/p>\n\n\n\n<p><\/p>\n\n\n\n<p>Artikel, die nicht im Originalzustand sind, besch\u00e4digt sind oder deren Teile fehlen (sofern dies nicht auf unser Verschulden zur\u00fcckzuf\u00fchren ist), sowie alle Artikel, die sp\u00e4ter als 30 Tage nach Lieferung zur\u00fcckgesendet werden, sind ebenfalls von der R\u00fcckgabe ausgeschlossen.<\/p>\n\n\n\n<h2 class=\"wp-block-heading\">R\u00fcckerstattung<\/h2>\n\n\n\n<p>Sobald Ihre R\u00fccksendung bei uns eingegangen und gepr\u00fcft wurde, erhalten Sie eine E-Mail-Benachrichtigung. Wir informieren Sie darin auch \u00fcber die Genehmigung oder Ablehnung Ihrer R\u00fcckerstattung.<\/p>\n\n\n\n<p>Im Falle einer Genehmigung wird Ihre R\u00fcckerstattung bearbeitet und Ihrem Konto (Kreditkarte oder urspr\u00fcngliche Zahlungsmethode) innerhalb weniger Tage gutgeschrieben.<\/p>\n\n\n\n<h2 class=\"wp-block-heading\">Versp\u00e4tete oder fehlende R\u00fcckerstattungen<\/h2>\n\n\n\n<p>Falls Sie Ihre R\u00fcckerstattung noch nicht erhalten haben, \u00fcberpr\u00fcfen Sie bitte zun\u00e4chst Ihr Bankkonto.<\/p>\n\n\n\n<p>Kontaktieren Sie anschlie\u00dfend Ihr Kreditkartenunternehmen. Es kann einige Zeit dauern, bis die R\u00fcckerstattung verbucht wird.<\/p>\n\n\n\n<p>Wenden Sie sich danach an Ihre Bank. Auch hier kann die Bearbeitung einige Zeit in Anspruch nehmen.<\/p>\n\n\n\n<p>Sollten Sie nach all diesen Schritten Ihre R\u00fcckerstattung immer noch nicht erhalten haben, kontaktieren Sie uns bitte unter<strong><a href=\"maito:shop@carovanruit.de.\">shop@carovanruit.de.<\/a><\/strong>.<\/p>\n\n\n\n<h2 class=\"wp-block-heading\">Sonderangebote<\/h2>\n\n\n\n<p>Alle Artikel sind Unikate und es gibt keine Ersatzprodukte. Nur Artikel zum regul\u00e4ren Preis k\u00f6nnen erstattet werden. Reduzierte Artikel sind von der R\u00fcckerstattung ausgeschlossen.<\/p>\n\n\n\n<h2 class=\"wp-block-heading\">B\u00f6rsen<\/h2>\n\n\n\n<p>Alle Artikel sind Unikate und es gibt keine Ersatzprodukte, ausgenommen &#8222;\u00e4hnliche&#8220; Produkte Wir ersetzen Artikel nur, wenn sie defekt oder besch\u00e4digt sind. Falls Sie einen Umtausch gegen einen &#8222;\u00e4hnlichen&#8220; Artikel w\u00fcnschen, senden Sie uns bitte eine E-Mail an <strong><a href=\"maito:shop@carovanruit.de.\">shop@carovanruit.de.<\/a><\/strong> und schicken Sie den Artikel an folgende Adresse: <strong>Caro van Ruit * Bodelschwinghstr. 29 * 99425 Weimar * Germany<\/strong><\/p>\n\n\n\n<h2 class=\"wp-block-heading\">Geschenke<\/h2>\n\n\n\n<p>Wenn der Artikel beim Kauf als Geschenk gekennzeichnet und direkt an Sie versandt wurde, erhalten Sie eine Gutschrift in H\u00f6he des Warenwerts. Nach Eingang der R\u00fccksendung wird Ihnen ein Geschenkgutschein zugesandt.<\/p>\n\n\n\n<p>Wenn der Artikel beim Kauf nicht als Geschenk gekennzeichnet war oder der Schenkende die Bestellung an sich selbst liefern lie\u00df, um sie Ihnen sp\u00e4ter zu \u00fcberreichen, erstatten wir den Kaufpreis an den Schenkenden zur\u00fcck. Dieser wird somit \u00fcber Ihre R\u00fccksendung informiert.<\/p>\n\n\n\n<p><br><\/p>\n\n\n\n<h2 class=\"wp-block-heading\">R\u00fccksendungen<\/h2>\n\n\n\n<div class=\"wp-block-group has-global-padding is-layout-constrained wp-block-group-is-layout-constrained\">\n<p>Um Ihr Produkt zur\u00fcckzusenden, schicken Sie es bitte an folgende Adresse: <strong>Caro van Ruit * Bodelschwinghstr. 29 * 99425 Weimar * Germany<\/strong><\/p>\n\n\n\n<p><\/p>\n\n\n\n<p>Sie tragen die Kosten f\u00fcr die R\u00fccksendung. Versandkosten werden nicht erstattet. Im Falle einer R\u00fcckerstattung werden die Kosten f\u00fcr die R\u00fccksendung von Ihrem Erstattungsbetrag abgezogen.<\/p>\n\n\n\n<p><\/p>\n\n\n\n<p>Bei der R\u00fccksendung teurer Artikel empfehlen wir Ihnen, einen Versand mit Sendungsverfolgung oder eine Transportversicherung abzuschlie\u00dfen. Wir \u00fcbernehmen keine Garantie f\u00fcr den Erhalt Ihrer R\u00fccksendung.<\/p>\n\n\n\n<h2 class=\"wp-block-heading\">Brauchen Sie Hilfe?<\/h2>\n\n\n\n<p>Bei Fragen zu R\u00fcckerstattungen und R\u00fccksendungen kontaktieren Sie uns bitte unter <strong><a href=\"maito:shop@carovanruit.de.\">shop@carovanruit.de.<\/a><\/strong><\/p>\n\n\n\n<p><\/p>\n<\/div>\n","protected":false},"excerpt":{"rendered":"<p>\u00dcberblick Unsere R\u00fcckgabe- und Erstattungsrichtlinie gilt 30 Tage. Nach Ablauf dieser Frist k\u00f6nnen wir Ihnen keine vollst\u00e4ndige R\u00fcckerstattung oder einen Umtausch mehr anbieten. Um f\u00fcr eine R\u00fcckgabe berechtigt zu sein, muss der Artikel unversehrt und im Originalzustand sein. Alle Artikel sind Unikate und es gibt keine Ersatzprodukte Bestimmte Artikel sind von der R\u00fcckgabe ausgeschlossen. Kunstwerke [&hellip;]<\/p>\n","protected":false},"author":2,"featured_media":0,"parent":0,"menu_order":0,"comment_status":"closed","ping_status":"closed","template":"","meta":{"iawp_total_views":2,"footnotes":""},"class_list":["post-1348","page","type-page","status-publish","hentry"],"yoast_head":"<!-- This site is optimized with the Yoast SEO plugin v27.4 - https:\/\/yoast.com\/product\/yoast-seo-wordpress\/ -->\n<title>R\u00fcckerstattungen und R\u00fcckgaben - Home<\/title>\n<meta name=\"description\" content=\"Caro-van-Ruit-Shop R\u00fcckgaberecht\" \/>\n<meta name=\"robots\" content=\"index, follow, max-snippet:-1, max-image-preview:large, max-video-preview:-1\" \/>\n<link rel=\"canonical\" href=\"https:\/\/carovanruit.de\/sell\/rueckerstattung_rueckgaben\/\" \/>\n<meta property=\"og:locale\" content=\"de_DE\" \/>\n<meta property=\"og:type\" content=\"article\" \/>\n<meta property=\"og:title\" content=\"R\u00fcckerstattungen und R\u00fcckgaben - Home\" \/>\n<meta property=\"og:description\" content=\"Caro-van-Ruit-Shop R\u00fcckgaberecht\" \/>\n<meta property=\"og:url\" content=\"https:\/\/carovanruit.de\/sell\/rueckerstattung_rueckgaben\/\" \/>\n<meta property=\"og:site_name\" content=\"Home\" \/>\n<meta property=\"article:publisher\" content=\"https:\/\/www.facebook.com\/carovanruit\" \/>\n<meta property=\"article:modified_time\" content=\"2026-03-16T08:27:49+00:00\" \/>\n<meta name=\"twitter:card\" content=\"summary_large_image\" \/>\n<meta name=\"twitter:site\" content=\"@caro_ruit\" \/>\n<meta name=\"twitter:label1\" content=\"Gesch\u00e4tzte Lesezeit\" \/>\n\t<meta name=\"twitter:data1\" content=\"3\u00a0Minuten\" \/>\n<script type=\"application\/ld+json\" class=\"yoast-schema-graph\">{\"@context\":\"https:\\\/\\\/schema.org\",\"@graph\":[{\"@type\":\"WebPage\",\"@id\":\"https:\\\/\\\/carovanruit.de\\\/sell\\\/rueckerstattung_rueckgaben\\\/\",\"url\":\"https:\\\/\\\/carovanruit.de\\\/sell\\\/rueckerstattung_rueckgaben\\\/\",\"name\":\"R\u00fcckerstattungen und R\u00fcckgaben - Home\",\"isPartOf\":{\"@id\":\"https:\\\/\\\/carovanruit.de\\\/sell\\\/#website\"},\"datePublished\":\"2026-02-12T17:36:37+00:00\",\"dateModified\":\"2026-03-16T08:27:49+00:00\",\"description\":\"Caro-van-Ruit-Shop R\u00fcckgaberecht\",\"breadcrumb\":{\"@id\":\"https:\\\/\\\/carovanruit.de\\\/sell\\\/rueckerstattung_rueckgaben\\\/#breadcrumb\"},\"inLanguage\":\"de\",\"potentialAction\":[{\"@type\":\"ReadAction\",\"target\":[\"https:\\\/\\\/carovanruit.de\\\/sell\\\/rueckerstattung_rueckgaben\\\/\"]}]},{\"@type\":\"BreadcrumbList\",\"@id\":\"https:\\\/\\\/carovanruit.de\\\/sell\\\/rueckerstattung_rueckgaben\\\/#breadcrumb\",\"itemListElement\":[{\"@type\":\"ListItem\",\"position\":1,\"name\":\"Start\",\"item\":\"https:\\\/\\\/carovanruit.de\\\/sell\\\/\"},{\"@type\":\"ListItem\",\"position\":2,\"name\":\"R\u00fcckerstattungen und R\u00fcckgaben\"}]},{\"@type\":\"WebSite\",\"@id\":\"https:\\\/\\\/carovanruit.de\\\/sell\\\/#website\",\"url\":\"https:\\\/\\\/carovanruit.de\\\/sell\\\/\",\"name\":\"Caro van Ruit\",\"description\":\"Kunst ist das Salz des Lebens!\",\"publisher\":{\"@id\":\"https:\\\/\\\/carovanruit.de\\\/sell\\\/#organization\"},\"potentialAction\":[{\"@type\":\"SearchAction\",\"target\":{\"@type\":\"EntryPoint\",\"urlTemplate\":\"https:\\\/\\\/carovanruit.de\\\/sell\\\/?s={search_term_string}\"},\"query-input\":{\"@type\":\"PropertyValueSpecification\",\"valueRequired\":true,\"valueName\":\"search_term_string\"}}],\"inLanguage\":\"de\"},{\"@type\":\"Organization\",\"@id\":\"https:\\\/\\\/carovanruit.de\\\/sell\\\/#organization\",\"name\":\"Kunst ist das Salz des Lebens\",\"url\":\"https:\\\/\\\/carovanruit.de\\\/sell\\\/\",\"logo\":{\"@type\":\"ImageObject\",\"inLanguage\":\"de\",\"@id\":\"https:\\\/\\\/carovanruit.de\\\/sell\\\/#\\\/schema\\\/logo\\\/image\\\/\",\"url\":\"https:\\\/\\\/carovanruit.de\\\/sell\\\/wp-content\\\/uploads\\\/2026\\\/02\\\/cropped-Shoplogo.jpg\",\"contentUrl\":\"https:\\\/\\\/carovanruit.de\\\/sell\\\/wp-content\\\/uploads\\\/2026\\\/02\\\/cropped-Shoplogo.jpg\",\"width\":512,\"height\":512,\"caption\":\"Kunst ist das Salz des Lebens\"},\"image\":{\"@id\":\"https:\\\/\\\/carovanruit.de\\\/sell\\\/#\\\/schema\\\/logo\\\/image\\\/\"},\"sameAs\":[\"https:\\\/\\\/www.facebook.com\\\/carovanruit\",\"https:\\\/\\\/x.com\\\/caro_ruit\",\"https:\\\/\\\/www.instagram.com\\\/carovanruit\\\/\",\"https:\\\/\\\/www.linkedin.com\\\/in\\\/caro-rhombus-van-ruit-51bb87231\\\/\",\"https:\\\/\\\/www.pinterest.de\\\/carorhombusvanruit\\\/\"]}]}<\/script>\n<!-- \/ Yoast SEO plugin. -->","yoast_head_json":{"title":"R\u00fcckerstattungen und R\u00fcckgaben - Home","description":"Caro-van-Ruit-Shop R\u00fcckgaberecht","robots":{"index":"index","follow":"follow","max-snippet":"max-snippet:-1","max-image-preview":"max-image-preview:large","max-video-preview":"max-video-preview:-1"},"canonical":"https:\/\/carovanruit.de\/sell\/rueckerstattung_rueckgaben\/","og_locale":"de_DE","og_type":"article","og_title":"R\u00fcckerstattungen und R\u00fcckgaben - Home","og_description":"Caro-van-Ruit-Shop R\u00fcckgaberecht","og_url":"https:\/\/carovanruit.de\/sell\/rueckerstattung_rueckgaben\/","og_site_name":"Home","article_publisher":"https:\/\/www.facebook.com\/carovanruit","article_modified_time":"2026-03-16T08:27:49+00:00","twitter_card":"summary_large_image","twitter_site":"@caro_ruit","twitter_misc":{"Gesch\u00e4tzte Lesezeit":"3\u00a0Minuten"},"schema":{"@context":"https:\/\/schema.org","@graph":[{"@type":"WebPage","@id":"https:\/\/carovanruit.de\/sell\/rueckerstattung_rueckgaben\/","url":"https:\/\/carovanruit.de\/sell\/rueckerstattung_rueckgaben\/","name":"R\u00fcckerstattungen und R\u00fcckgaben - Home","isPartOf":{"@id":"https:\/\/carovanruit.de\/sell\/#website"},"datePublished":"2026-02-12T17:36:37+00:00","dateModified":"2026-03-16T08:27:49+00:00","description":"Caro-van-Ruit-Shop R\u00fcckgaberecht","breadcrumb":{"@id":"https:\/\/carovanruit.de\/sell\/rueckerstattung_rueckgaben\/#breadcrumb"},"inLanguage":"de","potentialAction":[{"@type":"ReadAction","target":["https:\/\/carovanruit.de\/sell\/rueckerstattung_rueckgaben\/"]}]},{"@type":"BreadcrumbList","@id":"https:\/\/carovanruit.de\/sell\/rueckerstattung_rueckgaben\/#breadcrumb","itemListElement":[{"@type":"ListItem","position":1,"name":"Start","item":"https:\/\/carovanruit.de\/sell\/"},{"@type":"ListItem","position":2,"name":"R\u00fcckerstattungen und R\u00fcckgaben"}]},{"@type":"WebSite","@id":"https:\/\/carovanruit.de\/sell\/#website","url":"https:\/\/carovanruit.de\/sell\/","name":"Caro van Ruit","description":"Kunst ist das Salz des Lebens!","publisher":{"@id":"https:\/\/carovanruit.de\/sell\/#organization"},"potentialAction":[{"@type":"SearchAction","target":{"@type":"EntryPoint","urlTemplate":"https:\/\/carovanruit.de\/sell\/?s={search_term_string}"},"query-input":{"@type":"PropertyValueSpecification","valueRequired":true,"valueName":"search_term_string"}}],"inLanguage":"de"},{"@type":"Organization","@id":"https:\/\/carovanruit.de\/sell\/#organization","name":"Kunst ist das Salz des Lebens","url":"https:\/\/carovanruit.de\/sell\/","logo":{"@type":"ImageObject","inLanguage":"de","@id":"https:\/\/carovanruit.de\/sell\/#\/schema\/logo\/image\/","url":"https:\/\/carovanruit.de\/sell\/wp-content\/uploads\/2026\/02\/cropped-Shoplogo.jpg","contentUrl":"https:\/\/carovanruit.de\/sell\/wp-content\/uploads\/2026\/02\/cropped-Shoplogo.jpg","width":512,"height":512,"caption":"Kunst ist das Salz des Lebens"},"image":{"@id":"https:\/\/carovanruit.de\/sell\/#\/schema\/logo\/image\/"},"sameAs":["https:\/\/www.facebook.com\/carovanruit","https:\/\/x.com\/caro_ruit","https:\/\/www.instagram.com\/carovanruit\/","https:\/\/www.linkedin.com\/in\/caro-rhombus-van-ruit-51bb87231\/","https:\/\/www.pinterest.de\/carorhombusvanruit\/"]}]}},"jetpack_sharing_enabled":true,"_links":{"self":[{"href":"https:\/\/carovanruit.de\/sell\/wp-json\/wp\/v2\/pages\/1348","targetHints":{"allow":["GET"]}}],"collection":[{"href":"https:\/\/carovanruit.de\/sell\/wp-json\/wp\/v2\/pages"}],"about":[{"href":"https:\/\/carovanruit.de\/sell\/wp-json\/wp\/v2\/types\/page"}],"author":[{"embeddable":true,"href":"https:\/\/carovanruit.de\/sell\/wp-json\/wp\/v2\/users\/2"}],"replies":[{"embeddable":true,"href":"https:\/\/carovanruit.de\/sell\/wp-json\/wp\/v2\/comments?post=1348"}],"version-history":[{"count":1,"href":"https:\/\/carovanruit.de\/sell\/wp-json\/wp\/v2\/pages\/1348\/revisions"}],"predecessor-version":[{"id":2084,"href":"https:\/\/carovanruit.de\/sell\/wp-json\/wp\/v2\/pages\/1348\/revisions\/2084"}],"wp:attachment":[{"href":"https:\/\/carovanruit.de\/sell\/wp-json\/wp\/v2\/media?parent=1348"}],"curies":[{"name":"wp","href":"https:\/\/api.w.org\/{rel}","templated":true}]}}