{"id":1403,"date":"2026-02-16T19:08:50","date_gmt":"2026-02-16T18:08:50","guid":{"rendered":"https:\/\/carovanruit.de\/sell\/?page_id=1403"},"modified":"2026-03-16T09:21:28","modified_gmt":"2026-03-16T08:21:28","slug":"hilfeseiten","status":"publish","type":"page","link":"https:\/\/carovanruit.de\/sell\/hilfeseiten\/","title":{"rendered":"Hilfeseiten"},"content":{"rendered":"\n<ul class=\"wp-block-list\">\n<li class=\"has-large-font-size\">Hinweise zum Versand von<\/li>\n\n\n\n<li class=\"has-vivid-red-color has-text-color has-link-color wp-elements-64e7500d47af611e77e0819dc15eefd7\"><\/li>\n<\/ul>\n\n\n\n<div class=\"wp-block-cover\"><img loading=\"lazy\" decoding=\"async\" width=\"683\" height=\"800\" class=\"wp-block-cover__image-background wp-image-1281\" alt=\"In Gedanken\" src=\"https:\/\/carovanruit.de\/sell\/wp-content\/uploads\/2026\/02\/Z07_x_M_1080x800.jpg\" data-object-fit=\"cover\" srcset=\"https:\/\/carovanruit.de\/sell\/wp-content\/uploads\/2026\/02\/Z07_x_M_1080x800.jpg 683w, https:\/\/carovanruit.de\/sell\/wp-content\/uploads\/2026\/02\/Z07_x_M_1080x800-600x703.jpg 600w, https:\/\/carovanruit.de\/sell\/wp-content\/uploads\/2026\/02\/Z07_x_M_1080x800-256x300.jpg 256w\" sizes=\"auto, (max-width: 683px) 100vw, 683px\" \/><span aria-hidden=\"true\" class=\"wp-block-cover__background has-background-dim\"><\/span><div class=\"wp-block-cover__inner-container is-layout-flow wp-block-cover-is-layout-flow\">\n<p class=\"has-text-align-center has-large-font-size\">Zeichnungen im Format 60 x 42cm in Papier oder Karton<\/p>\n<\/div><\/div>\n\n\n\n<h2 class=\"wp-block-heading has-medium-font-size\" id=\"Zeichnung\"><strong>Versand-Bedingungen<\/strong><\/h2>\n\n\n\n<ul class=\"wp-block-list\">\n<li>Der <strong><em>Versand von Zeichnungen<\/em><\/strong> Holzschnitten, Radierungen ohne Rahmen erfolgt in einer Papprolle mit dem Ma\u00dfen 60x15x3 . Der Artikel wird gerollt und in die H\u00fclse gesteckt, verklebt und verschickt. Da die Zeichnung in Papier oder Karton ein vernachl\u00e4ssigbares Gewicht hat, bleibt das Gesamtgewicht unter 2 kg. Dennoch verlangt dhl f\u00fcr die Bef\u00f6rderung in einer Rolle einen Aufpreis von 3,49 \u20ac. <\/li>\n\n\n\n<li><strong>Versand von kleinen Gem\u00e4lden<\/strong>, Bildern, Artworks ohne Rahmen bis zu 60 cm und dem Gewicht von 2 kg erfolgt in einer entsprechenden Postbox. Die Bef\u00f6rderung  au\u00dferhalb von Deutschland bedingt weitere Aufpreise.<\/li>\n\n\n\n<li><strong>Versand von mittleren Gem\u00e4lden<\/strong>, Bildern, Artworks ohne Rahmen bis zu 60 cm und dem Gewicht von 5 kg erfolgt in einer entsprechenden Postbox. Es wird ein Aufpreis f\u00fcr das Gewicht veranlagt. Die Bef\u00f6rderung  au\u00dferhalb von Deutschland bedingt weitere Aufpreise.<\/li>\n\n\n\n<li><strong><strong>Versand von gro\u00dfen Gem\u00e4lden<\/strong>, Bildern, Artworks <\/strong>kann nur ohne Rahmen bis zu 60 cm und dem Gewicht von 5 kg erfolgt in einer entsprechenden Postbox erfolgen. Es wird ein Aufpreis f\u00fcr die Gr\u00f6\u00dfe und dem Gewicht veranlagt. Die Bef\u00f6rderung  au\u00dferhalb von Deutschland bedingt weitere Aufpreise.<\/li>\n\n\n\n<li><strong><em>\u00dcbergro\u00dfe Gem\u00e4lde oder Statuen <\/em><\/strong>k\u00f6nnen nicht verschickt werden. Wenn keine Abholung vor Ort m\u00f6glich ist, muss eine individuelle Absprache getroffen werden.<\/li>\n<\/ul>\n","protected":false},"excerpt":{"rendered":"<p>Versand-Bedingungen<\/p>\n","protected":false},"author":2,"featured_media":0,"parent":0,"menu_order":0,"comment_status":"closed","ping_status":"closed","template":"","meta":{"iawp_total_views":4,"footnotes":""},"class_list":["post-1403","page","type-page","status-publish","hentry"],"yoast_head":"<!-- This site is optimized with the Yoast SEO plugin v27.4 - https:\/\/yoast.com\/product\/yoast-seo-wordpress\/ -->\n<title>Hilfeseiten - Home<\/title>\n<meta name=\"description\" content=\"Caro-van-Ruit-Shop Hilfeseite Versand\" \/>\n<meta name=\"robots\" content=\"index, follow, max-snippet:-1, max-image-preview:large, max-video-preview:-1\" \/>\n<link rel=\"canonical\" href=\"https:\/\/carovanruit.de\/sell\/hilfeseiten\/\" \/>\n<meta property=\"og:locale\" content=\"de_DE\" \/>\n<meta property=\"og:type\" content=\"article\" \/>\n<meta property=\"og:title\" content=\"Hilfeseiten - Home\" \/>\n<meta property=\"og:description\" content=\"Caro-van-Ruit-Shop Hilfeseite Versand\" \/>\n<meta property=\"og:url\" content=\"https:\/\/carovanruit.de\/sell\/hilfeseiten\/\" \/>\n<meta property=\"og:site_name\" content=\"Home\" \/>\n<meta property=\"article:publisher\" content=\"https:\/\/www.facebook.com\/carovanruit\" \/>\n<meta property=\"article:modified_time\" content=\"2026-03-16T08:21:28+00:00\" \/>\n<meta property=\"og:image\" content=\"https:\/\/carovanruit.de\/sell\/wp-content\/uploads\/2026\/02\/Z07_x_M_1080x800.jpg\" \/>\n\t<meta property=\"og:image:width\" content=\"683\" \/>\n\t<meta property=\"og:image:height\" content=\"800\" \/>\n\t<meta property=\"og:image:type\" content=\"image\/jpeg\" \/>\n<meta name=\"twitter:card\" content=\"summary_large_image\" \/>\n<meta name=\"twitter:site\" content=\"@caro_ruit\" \/>\n<meta name=\"twitter:label1\" content=\"Gesch\u00e4tzte Lesezeit\" \/>\n\t<meta name=\"twitter:data1\" content=\"2\u00a0Minuten\" \/>\n<script type=\"application\/ld+json\" class=\"yoast-schema-graph\">{\"@context\":\"https:\\\/\\\/schema.org\",\"@graph\":[{\"@type\":\"WebPage\",\"@id\":\"https:\\\/\\\/carovanruit.de\\\/sell\\\/hilfeseiten\\\/\",\"url\":\"https:\\\/\\\/carovanruit.de\\\/sell\\\/hilfeseiten\\\/\",\"name\":\"Hilfeseiten - Home\",\"isPartOf\":{\"@id\":\"https:\\\/\\\/carovanruit.de\\\/sell\\\/#website\"},\"primaryImageOfPage\":{\"@id\":\"https:\\\/\\\/carovanruit.de\\\/sell\\\/hilfeseiten\\\/#primaryimage\"},\"image\":{\"@id\":\"https:\\\/\\\/carovanruit.de\\\/sell\\\/hilfeseiten\\\/#primaryimage\"},\"thumbnailUrl\":\"https:\\\/\\\/carovanruit.de\\\/sell\\\/wp-content\\\/uploads\\\/2026\\\/02\\\/Z07_x_M_1080x800.jpg\",\"datePublished\":\"2026-02-16T18:08:50+00:00\",\"dateModified\":\"2026-03-16T08:21:28+00:00\",\"description\":\"Caro-van-Ruit-Shop Hilfeseite Versand\",\"breadcrumb\":{\"@id\":\"https:\\\/\\\/carovanruit.de\\\/sell\\\/hilfeseiten\\\/#breadcrumb\"},\"inLanguage\":\"de\",\"potentialAction\":[{\"@type\":\"ReadAction\",\"target\":[\"https:\\\/\\\/carovanruit.de\\\/sell\\\/hilfeseiten\\\/\"]}]},{\"@type\":\"ImageObject\",\"inLanguage\":\"de\",\"@id\":\"https:\\\/\\\/carovanruit.de\\\/sell\\\/hilfeseiten\\\/#primaryimage\",\"url\":\"https:\\\/\\\/carovanruit.de\\\/sell\\\/wp-content\\\/uploads\\\/2026\\\/02\\\/Z07_x_M_1080x800.jpg\",\"contentUrl\":\"https:\\\/\\\/carovanruit.de\\\/sell\\\/wp-content\\\/uploads\\\/2026\\\/02\\\/Z07_x_M_1080x800.jpg\",\"width\":683,\"height\":800,\"caption\":\"Caro-van-Ruit__Gem\u00e4lde\"},{\"@type\":\"BreadcrumbList\",\"@id\":\"https:\\\/\\\/carovanruit.de\\\/sell\\\/hilfeseiten\\\/#breadcrumb\",\"itemListElement\":[{\"@type\":\"ListItem\",\"position\":1,\"name\":\"Start\",\"item\":\"https:\\\/\\\/carovanruit.de\\\/sell\\\/\"},{\"@type\":\"ListItem\",\"position\":2,\"name\":\"Hilfeseiten\"}]},{\"@type\":\"WebSite\",\"@id\":\"https:\\\/\\\/carovanruit.de\\\/sell\\\/#website\",\"url\":\"https:\\\/\\\/carovanruit.de\\\/sell\\\/\",\"name\":\"Caro van Ruit\",\"description\":\"Kunst ist das Salz des Lebens!\",\"publisher\":{\"@id\":\"https:\\\/\\\/carovanruit.de\\\/sell\\\/#organization\"},\"potentialAction\":[{\"@type\":\"SearchAction\",\"target\":{\"@type\":\"EntryPoint\",\"urlTemplate\":\"https:\\\/\\\/carovanruit.de\\\/sell\\\/?s={search_term_string}\"},\"query-input\":{\"@type\":\"PropertyValueSpecification\",\"valueRequired\":true,\"valueName\":\"search_term_string\"}}],\"inLanguage\":\"de\"},{\"@type\":\"Organization\",\"@id\":\"https:\\\/\\\/carovanruit.de\\\/sell\\\/#organization\",\"name\":\"Kunst ist das Salz des Lebens\",\"url\":\"https:\\\/\\\/carovanruit.de\\\/sell\\\/\",\"logo\":{\"@type\":\"ImageObject\",\"inLanguage\":\"de\",\"@id\":\"https:\\\/\\\/carovanruit.de\\\/sell\\\/#\\\/schema\\\/logo\\\/image\\\/\",\"url\":\"https:\\\/\\\/carovanruit.de\\\/sell\\\/wp-content\\\/uploads\\\/2026\\\/02\\\/cropped-Shoplogo.jpg\",\"contentUrl\":\"https:\\\/\\\/carovanruit.de\\\/sell\\\/wp-content\\\/uploads\\\/2026\\\/02\\\/cropped-Shoplogo.jpg\",\"width\":512,\"height\":512,\"caption\":\"Kunst ist das Salz des Lebens\"},\"image\":{\"@id\":\"https:\\\/\\\/carovanruit.de\\\/sell\\\/#\\\/schema\\\/logo\\\/image\\\/\"},\"sameAs\":[\"https:\\\/\\\/www.facebook.com\\\/carovanruit\",\"https:\\\/\\\/x.com\\\/caro_ruit\",\"https:\\\/\\\/www.instagram.com\\\/carovanruit\\\/\",\"https:\\\/\\\/www.linkedin.com\\\/in\\\/caro-rhombus-van-ruit-51bb87231\\\/\",\"https:\\\/\\\/www.pinterest.de\\\/carorhombusvanruit\\\/\"]}]}<\/script>\n<!-- \/ Yoast SEO plugin. -->","yoast_head_json":{"title":"Hilfeseiten - Home","description":"Caro-van-Ruit-Shop Hilfeseite Versand","robots":{"index":"index","follow":"follow","max-snippet":"max-snippet:-1","max-image-preview":"max-image-preview:large","max-video-preview":"max-video-preview:-1"},"canonical":"https:\/\/carovanruit.de\/sell\/hilfeseiten\/","og_locale":"de_DE","og_type":"article","og_title":"Hilfeseiten - Home","og_description":"Caro-van-Ruit-Shop Hilfeseite Versand","og_url":"https:\/\/carovanruit.de\/sell\/hilfeseiten\/","og_site_name":"Home","article_publisher":"https:\/\/www.facebook.com\/carovanruit","article_modified_time":"2026-03-16T08:21:28+00:00","og_image":[{"width":683,"height":800,"url":"https:\/\/carovanruit.de\/sell\/wp-content\/uploads\/2026\/02\/Z07_x_M_1080x800.jpg","type":"image\/jpeg"}],"twitter_card":"summary_large_image","twitter_site":"@caro_ruit","twitter_misc":{"Gesch\u00e4tzte Lesezeit":"2\u00a0Minuten"},"schema":{"@context":"https:\/\/schema.org","@graph":[{"@type":"WebPage","@id":"https:\/\/carovanruit.de\/sell\/hilfeseiten\/","url":"https:\/\/carovanruit.de\/sell\/hilfeseiten\/","name":"Hilfeseiten - Home","isPartOf":{"@id":"https:\/\/carovanruit.de\/sell\/#website"},"primaryImageOfPage":{"@id":"https:\/\/carovanruit.de\/sell\/hilfeseiten\/#primaryimage"},"image":{"@id":"https:\/\/carovanruit.de\/sell\/hilfeseiten\/#primaryimage"},"thumbnailUrl":"https:\/\/carovanruit.de\/sell\/wp-content\/uploads\/2026\/02\/Z07_x_M_1080x800.jpg","datePublished":"2026-02-16T18:08:50+00:00","dateModified":"2026-03-16T08:21:28+00:00","description":"Caro-van-Ruit-Shop Hilfeseite Versand","breadcrumb":{"@id":"https:\/\/carovanruit.de\/sell\/hilfeseiten\/#breadcrumb"},"inLanguage":"de","potentialAction":[{"@type":"ReadAction","target":["https:\/\/carovanruit.de\/sell\/hilfeseiten\/"]}]},{"@type":"ImageObject","inLanguage":"de","@id":"https:\/\/carovanruit.de\/sell\/hilfeseiten\/#primaryimage","url":"https:\/\/carovanruit.de\/sell\/wp-content\/uploads\/2026\/02\/Z07_x_M_1080x800.jpg","contentUrl":"https:\/\/carovanruit.de\/sell\/wp-content\/uploads\/2026\/02\/Z07_x_M_1080x800.jpg","width":683,"height":800,"caption":"Caro-van-Ruit__Gem\u00e4lde"},{"@type":"BreadcrumbList","@id":"https:\/\/carovanruit.de\/sell\/hilfeseiten\/#breadcrumb","itemListElement":[{"@type":"ListItem","position":1,"name":"Start","item":"https:\/\/carovanruit.de\/sell\/"},{"@type":"ListItem","position":2,"name":"Hilfeseiten"}]},{"@type":"WebSite","@id":"https:\/\/carovanruit.de\/sell\/#website","url":"https:\/\/carovanruit.de\/sell\/","name":"Caro van Ruit","description":"Kunst ist das Salz des Lebens!","publisher":{"@id":"https:\/\/carovanruit.de\/sell\/#organization"},"potentialAction":[{"@type":"SearchAction","target":{"@type":"EntryPoint","urlTemplate":"https:\/\/carovanruit.de\/sell\/?s={search_term_string}"},"query-input":{"@type":"PropertyValueSpecification","valueRequired":true,"valueName":"search_term_string"}}],"inLanguage":"de"},{"@type":"Organization","@id":"https:\/\/carovanruit.de\/sell\/#organization","name":"Kunst ist das Salz des Lebens","url":"https:\/\/carovanruit.de\/sell\/","logo":{"@type":"ImageObject","inLanguage":"de","@id":"https:\/\/carovanruit.de\/sell\/#\/schema\/logo\/image\/","url":"https:\/\/carovanruit.de\/sell\/wp-content\/uploads\/2026\/02\/cropped-Shoplogo.jpg","contentUrl":"https:\/\/carovanruit.de\/sell\/wp-content\/uploads\/2026\/02\/cropped-Shoplogo.jpg","width":512,"height":512,"caption":"Kunst ist das Salz des Lebens"},"image":{"@id":"https:\/\/carovanruit.de\/sell\/#\/schema\/logo\/image\/"},"sameAs":["https:\/\/www.facebook.com\/carovanruit","https:\/\/x.com\/caro_ruit","https:\/\/www.instagram.com\/carovanruit\/","https:\/\/www.linkedin.com\/in\/caro-rhombus-van-ruit-51bb87231\/","https:\/\/www.pinterest.de\/carorhombusvanruit\/"]}]}},"jetpack_sharing_enabled":true,"_links":{"self":[{"href":"https:\/\/carovanruit.de\/sell\/wp-json\/wp\/v2\/pages\/1403","targetHints":{"allow":["GET"]}}],"collection":[{"href":"https:\/\/carovanruit.de\/sell\/wp-json\/wp\/v2\/pages"}],"about":[{"href":"https:\/\/carovanruit.de\/sell\/wp-json\/wp\/v2\/types\/page"}],"author":[{"embeddable":true,"href":"https:\/\/carovanruit.de\/sell\/wp-json\/wp\/v2\/users\/2"}],"replies":[{"embeddable":true,"href":"https:\/\/carovanruit.de\/sell\/wp-json\/wp\/v2\/comments?post=1403"}],"version-history":[{"count":6,"href":"https:\/\/carovanruit.de\/sell\/wp-json\/wp\/v2\/pages\/1403\/revisions"}],"predecessor-version":[{"id":1659,"href":"https:\/\/carovanruit.de\/sell\/wp-json\/wp\/v2\/pages\/1403\/revisions\/1659"}],"wp:attachment":[{"href":"https:\/\/carovanruit.de\/sell\/wp-json\/wp\/v2\/media?parent=1403"}],"curies":[{"name":"wp","href":"https:\/\/api.w.org\/{rel}","templated":true}]}}