{"id":1511,"date":"2026-02-16T13:54:15","date_gmt":"2026-02-16T12:54:15","guid":{"rendered":"https:\/\/carovanruit.de\/sell\/?page_id=1511"},"modified":"2026-04-13T15:47:27","modified_gmt":"2026-04-13T13:47:27","slug":"galerie-home_info","status":"publish","type":"page","link":"https:\/\/carovanruit.de\/sell\/galerie-home_info\/","title":{"rendered":"Galerie-Home"},"content":{"rendered":"\n<h2 class=\"wp-block-heading\">galerie Caro Weimar<\/h2>\n\n\n\n<p>W\u00e4hle die einzelne Rubrik aus, zu der du mehr erfahren m\u00f6chtest:<\/p>\n\n\n\n<ul class=\"wp-block-list\">\n<li><a href=\"https:\/\/carovanruit.de\/sell\/malen\/\" data-type=\"page\" data-id=\"1468\">Malerei<\/a><\/li>\n\n\n\n<li><a href=\"https:\/\/carovanruit.de\/sell\/aktzeichnungen\/\" data-type=\"page\" data-id=\"1529\">Aktzeichnung<\/a><\/li>\n\n\n\n<li><a href=\"https:\/\/carovanruit.de\/sell\/meine-fotos\">Fotografie<\/a><\/li>\n\n\n\n<li><a href=\"https:\/\/carovanruit.de\/sell\/printing\">Drucke<\/a><\/li>\n\n\n\n<li><a href=\"https:\/\/carovanruit.de\/sell\/meine-skulpturen\" data-type=\"link\" data-id=\"https:\/\/carovanruit.de\/sell\/meine-skulpturen\">Skulpturen<\/a><\/li>\n\n\n\n<li><a href=\"https:\/\/carovanruit.de\/sell\/meine-musik\" data-type=\"product_cat\" data-id=\"56\">Musik-Produktionen<\/a><\/li>\n\n\n\n<li><\/li>\n\n\n\n<li><a href=\"https:\/\/carovanruit.de\/sell\/kreativ-aktzeichnen\/\" type=\"link\" id=\"https:\/\/carovanruit.de\/sell\/kreativ-aktzeichnen\/\">Kreativ_Aktzeichnen_Weimar<\/a><\/li>\n<\/ul>\n\n\n\n<p><\/p>\n\n\n\n<p>Rundgang in der galerieCARO , Bodelschwinghstr. 29 , Parkvorstadt in der 99425 Weimar , Th\u00fcringen , Germany<\/p>\n\n\n\n<figure class=\"wp-block-gallery has-nested-images columns-default is-cropped wp-block-gallery-1 is-layout-flex wp-block-gallery-is-layout-flex\">\n<figure class=\"wp-block-image size-large\"><img loading=\"lazy\" decoding=\"async\" width=\"1024\" height=\"1024\" data-id=\"1581\" src=\"https:\/\/carovanruit.de\/sell\/wp-content\/uploads\/2026\/02\/img_3800-1024x1024.jpg\" alt=\"\" class=\"wp-image-1581\" srcset=\"https:\/\/carovanruit.de\/sell\/wp-content\/uploads\/2026\/02\/img_3800-1024x1024.jpg 1024w, https:\/\/carovanruit.de\/sell\/wp-content\/uploads\/2026\/02\/img_3800-300x300.jpg 300w, https:\/\/carovanruit.de\/sell\/wp-content\/uploads\/2026\/02\/img_3800-768x768.jpg 768w, https:\/\/carovanruit.de\/sell\/wp-content\/uploads\/2026\/02\/img_3800-1536x1536.jpg 1536w, https:\/\/carovanruit.de\/sell\/wp-content\/uploads\/2026\/02\/img_3800-1320x1320.jpg 1320w, https:\/\/carovanruit.de\/sell\/wp-content\/uploads\/2026\/02\/img_3800-600x600.jpg 600w, https:\/\/carovanruit.de\/sell\/wp-content\/uploads\/2026\/02\/img_3800-100x100.jpg 100w, https:\/\/carovanruit.de\/sell\/wp-content\/uploads\/2026\/02\/img_3800.jpg 2000w\" sizes=\"auto, (max-width: 1024px) 100vw, 1024px\" \/><figcaption class=\"wp-element-caption\">Me<\/figcaption><\/figure>\n\n\n\n<figure class=\"wp-block-image size-large\"><img loading=\"lazy\" decoding=\"async\" width=\"1024\" height=\"768\" data-id=\"1584\" src=\"https:\/\/carovanruit.de\/sell\/wp-content\/uploads\/2026\/02\/img_3787-1024x768.jpg\" alt=\"\" class=\"wp-image-1584\" srcset=\"https:\/\/carovanruit.de\/sell\/wp-content\/uploads\/2026\/02\/img_3787-1024x768.jpg 1024w, https:\/\/carovanruit.de\/sell\/wp-content\/uploads\/2026\/02\/img_3787-300x225.jpg 300w, https:\/\/carovanruit.de\/sell\/wp-content\/uploads\/2026\/02\/img_3787-768x576.jpg 768w, https:\/\/carovanruit.de\/sell\/wp-content\/uploads\/2026\/02\/img_3787-1536x1152.jpg 1536w, https:\/\/carovanruit.de\/sell\/wp-content\/uploads\/2026\/02\/img_3787-1320x990.jpg 1320w, https:\/\/carovanruit.de\/sell\/wp-content\/uploads\/2026\/02\/img_3787-600x450.jpg 600w, https:\/\/carovanruit.de\/sell\/wp-content\/uploads\/2026\/02\/img_3787.jpg 2000w\" sizes=\"auto, (max-width: 1024px) 100vw, 1024px\" \/><figcaption class=\"wp-element-caption\">Me<\/figcaption><\/figure>\n\n\n\n<figure class=\"wp-block-image size-large\"><img loading=\"lazy\" decoding=\"async\" width=\"1024\" height=\"768\" data-id=\"1583\" src=\"https:\/\/carovanruit.de\/sell\/wp-content\/uploads\/2026\/02\/img_3790-1024x768.jpg\" alt=\"\" class=\"wp-image-1583\" srcset=\"https:\/\/carovanruit.de\/sell\/wp-content\/uploads\/2026\/02\/img_3790-1024x768.jpg 1024w, https:\/\/carovanruit.de\/sell\/wp-content\/uploads\/2026\/02\/img_3790-300x225.jpg 300w, https:\/\/carovanruit.de\/sell\/wp-content\/uploads\/2026\/02\/img_3790-768x576.jpg 768w, https:\/\/carovanruit.de\/sell\/wp-content\/uploads\/2026\/02\/img_3790-1536x1152.jpg 1536w, https:\/\/carovanruit.de\/sell\/wp-content\/uploads\/2026\/02\/img_3790-1320x990.jpg 1320w, https:\/\/carovanruit.de\/sell\/wp-content\/uploads\/2026\/02\/img_3790-600x450.jpg 600w, https:\/\/carovanruit.de\/sell\/wp-content\/uploads\/2026\/02\/img_3790.jpg 2000w\" sizes=\"auto, (max-width: 1024px) 100vw, 1024px\" \/><figcaption class=\"wp-element-caption\">Me<\/figcaption><\/figure>\n\n\n\n<figure class=\"wp-block-image size-large\"><img loading=\"lazy\" decoding=\"async\" width=\"1024\" height=\"768\" data-id=\"1585\" src=\"https:\/\/carovanruit.de\/sell\/wp-content\/uploads\/2026\/02\/img_3795-1024x768.jpg\" alt=\"\" class=\"wp-image-1585\" srcset=\"https:\/\/carovanruit.de\/sell\/wp-content\/uploads\/2026\/02\/img_3795-1024x768.jpg 1024w, https:\/\/carovanruit.de\/sell\/wp-content\/uploads\/2026\/02\/img_3795-300x225.jpg 300w, https:\/\/carovanruit.de\/sell\/wp-content\/uploads\/2026\/02\/img_3795-768x576.jpg 768w, https:\/\/carovanruit.de\/sell\/wp-content\/uploads\/2026\/02\/img_3795-1536x1152.jpg 1536w, https:\/\/carovanruit.de\/sell\/wp-content\/uploads\/2026\/02\/img_3795-1320x990.jpg 1320w, https:\/\/carovanruit.de\/sell\/wp-content\/uploads\/2026\/02\/img_3795-600x450.jpg 600w, https:\/\/carovanruit.de\/sell\/wp-content\/uploads\/2026\/02\/img_3795.jpg 2000w\" sizes=\"auto, (max-width: 1024px) 100vw, 1024px\" \/><figcaption class=\"wp-element-caption\">Me<\/figcaption><\/figure>\n\n\n\n<figure class=\"wp-block-image size-large\"><img loading=\"lazy\" decoding=\"async\" width=\"1024\" height=\"768\" data-id=\"1586\" src=\"https:\/\/carovanruit.de\/sell\/wp-content\/uploads\/2026\/02\/img_3797-1024x768.jpg\" alt=\"\" class=\"wp-image-1586\" srcset=\"https:\/\/carovanruit.de\/sell\/wp-content\/uploads\/2026\/02\/img_3797-1024x768.jpg 1024w, https:\/\/carovanruit.de\/sell\/wp-content\/uploads\/2026\/02\/img_3797-300x225.jpg 300w, https:\/\/carovanruit.de\/sell\/wp-content\/uploads\/2026\/02\/img_3797-768x576.jpg 768w, https:\/\/carovanruit.de\/sell\/wp-content\/uploads\/2026\/02\/img_3797-1536x1152.jpg 1536w, https:\/\/carovanruit.de\/sell\/wp-content\/uploads\/2026\/02\/img_3797-1320x990.jpg 1320w, https:\/\/carovanruit.de\/sell\/wp-content\/uploads\/2026\/02\/img_3797-600x450.jpg 600w, https:\/\/carovanruit.de\/sell\/wp-content\/uploads\/2026\/02\/img_3797.jpg 2000w\" sizes=\"auto, (max-width: 1024px) 100vw, 1024px\" \/><figcaption class=\"wp-element-caption\">Me<\/figcaption><\/figure>\n<\/figure>\n\n\n\n<figure class=\"wp-block-image size-full\"><img loading=\"lazy\" decoding=\"async\" width=\"1004\" height=\"815\" src=\"https:\/\/carovanruit.de\/sell\/wp-content\/uploads\/2026\/02\/1.jpg\" alt=\"\" class=\"wp-image-1811\" srcset=\"https:\/\/carovanruit.de\/sell\/wp-content\/uploads\/2026\/02\/1.jpg 1004w, https:\/\/carovanruit.de\/sell\/wp-content\/uploads\/2026\/02\/1-300x244.jpg 300w, https:\/\/carovanruit.de\/sell\/wp-content\/uploads\/2026\/02\/1-768x623.jpg 768w, https:\/\/carovanruit.de\/sell\/wp-content\/uploads\/2026\/02\/1-600x487.jpg 600w\" sizes=\"auto, (max-width: 1004px) 100vw, 1004px\" \/><\/figure>\n\n\n\n<figure class=\"wp-block-image size-full\"><img loading=\"lazy\" decoding=\"async\" width=\"725\" height=\"952\" src=\"https:\/\/carovanruit.de\/sell\/wp-content\/uploads\/2026\/02\/4.jpg\" alt=\"\" class=\"wp-image-1809\" srcset=\"https:\/\/carovanruit.de\/sell\/wp-content\/uploads\/2026\/02\/4.jpg 725w, https:\/\/carovanruit.de\/sell\/wp-content\/uploads\/2026\/02\/4-228x300.jpg 228w, https:\/\/carovanruit.de\/sell\/wp-content\/uploads\/2026\/02\/4-600x788.jpg 600w\" sizes=\"auto, (max-width: 725px) 100vw, 725px\" \/><\/figure>\n","protected":false},"excerpt":{"rendered":"<p>galerie Caro Weimar W\u00e4hle die einzelne Rubrik aus, zu der du mehr erfahren m\u00f6chtest: Rundgang in der galerieCARO , Bodelschwinghstr. 29 , Parkvorstadt in der 99425 Weimar , Th\u00fcringen , Germany<\/p>\n","protected":false},"author":3,"featured_media":0,"parent":0,"menu_order":0,"comment_status":"closed","ping_status":"closed","template":"","meta":{"iawp_total_views":6,"footnotes":""},"class_list":["post-1511","page","type-page","status-publish","hentry"],"yoast_head":"<!-- This site is optimized with the Yoast SEO plugin v27.4 - https:\/\/yoast.com\/product\/yoast-seo-wordpress\/ -->\n<title>Galerie-Home - Home<\/title>\n<meta name=\"description\" content=\"Rundgang in der galerieCARO Weimar\" \/>\n<meta name=\"robots\" content=\"index, follow, max-snippet:-1, max-image-preview:large, max-video-preview:-1\" \/>\n<link rel=\"canonical\" href=\"https:\/\/carovanruit.de\/sell\/galerie-home_info\/\" \/>\n<meta property=\"og:locale\" content=\"de_DE\" \/>\n<meta property=\"og:type\" content=\"article\" \/>\n<meta property=\"og:title\" content=\"Galerie-Home - Home\" \/>\n<meta property=\"og:description\" content=\"Rundgang in der galerieCARO Weimar\" \/>\n<meta property=\"og:url\" content=\"https:\/\/carovanruit.de\/sell\/galerie-home_info\/\" \/>\n<meta property=\"og:site_name\" content=\"Home\" \/>\n<meta property=\"article:publisher\" content=\"https:\/\/www.facebook.com\/carovanruit\" \/>\n<meta property=\"article:modified_time\" content=\"2026-04-13T13:47:27+00:00\" \/>\n<meta property=\"og:image\" content=\"https:\/\/carovanruit.de\/sell\/wp-content\/uploads\/2026\/02\/img_3800.jpg\" \/>\n\t<meta property=\"og:image:width\" content=\"2000\" \/>\n\t<meta property=\"og:image:height\" content=\"2000\" \/>\n\t<meta property=\"og:image:type\" content=\"image\/jpeg\" \/>\n<meta name=\"twitter:card\" content=\"summary_large_image\" \/>\n<meta name=\"twitter:site\" content=\"@caro_ruit\" \/>\n<meta name=\"twitter:label1\" content=\"Gesch\u00e4tzte Lesezeit\" \/>\n\t<meta name=\"twitter:data1\" content=\"2\u00a0Minuten\" \/>\n<script type=\"application\/ld+json\" class=\"yoast-schema-graph\">{\"@context\":\"https:\\\/\\\/schema.org\",\"@graph\":[{\"@type\":\"WebPage\",\"@id\":\"https:\\\/\\\/carovanruit.de\\\/sell\\\/galerie-home_info\\\/\",\"url\":\"https:\\\/\\\/carovanruit.de\\\/sell\\\/galerie-home_info\\\/\",\"name\":\"Galerie-Home - Home\",\"isPartOf\":{\"@id\":\"https:\\\/\\\/carovanruit.de\\\/sell\\\/#website\"},\"primaryImageOfPage\":{\"@id\":\"https:\\\/\\\/carovanruit.de\\\/sell\\\/galerie-home_info\\\/#primaryimage\"},\"image\":{\"@id\":\"https:\\\/\\\/carovanruit.de\\\/sell\\\/galerie-home_info\\\/#primaryimage\"},\"thumbnailUrl\":\"https:\\\/\\\/carovanruit.de\\\/sell\\\/wp-content\\\/uploads\\\/2026\\\/02\\\/img_3800-1024x1024.jpg\",\"datePublished\":\"2026-02-16T12:54:15+00:00\",\"dateModified\":\"2026-04-13T13:47:27+00:00\",\"description\":\"Rundgang in der galerieCARO Weimar\",\"breadcrumb\":{\"@id\":\"https:\\\/\\\/carovanruit.de\\\/sell\\\/galerie-home_info\\\/#breadcrumb\"},\"inLanguage\":\"de\",\"potentialAction\":[{\"@type\":\"ReadAction\",\"target\":[\"https:\\\/\\\/carovanruit.de\\\/sell\\\/galerie-home_info\\\/\"]}]},{\"@type\":\"ImageObject\",\"inLanguage\":\"de\",\"@id\":\"https:\\\/\\\/carovanruit.de\\\/sell\\\/galerie-home_info\\\/#primaryimage\",\"url\":\"https:\\\/\\\/carovanruit.de\\\/sell\\\/wp-content\\\/uploads\\\/2026\\\/02\\\/img_3800.jpg\",\"contentUrl\":\"https:\\\/\\\/carovanruit.de\\\/sell\\\/wp-content\\\/uploads\\\/2026\\\/02\\\/img_3800.jpg\",\"width\":2000,\"height\":2000,\"caption\":\"Me\"},{\"@type\":\"BreadcrumbList\",\"@id\":\"https:\\\/\\\/carovanruit.de\\\/sell\\\/galerie-home_info\\\/#breadcrumb\",\"itemListElement\":[{\"@type\":\"ListItem\",\"position\":1,\"name\":\"Start\",\"item\":\"https:\\\/\\\/carovanruit.de\\\/sell\\\/\"},{\"@type\":\"ListItem\",\"position\":2,\"name\":\"Galerie-Home\"}]},{\"@type\":\"WebSite\",\"@id\":\"https:\\\/\\\/carovanruit.de\\\/sell\\\/#website\",\"url\":\"https:\\\/\\\/carovanruit.de\\\/sell\\\/\",\"name\":\"Caro van Ruit\",\"description\":\"Kunst ist das Salz des Lebens!\",\"publisher\":{\"@id\":\"https:\\\/\\\/carovanruit.de\\\/sell\\\/#organization\"},\"potentialAction\":[{\"@type\":\"SearchAction\",\"target\":{\"@type\":\"EntryPoint\",\"urlTemplate\":\"https:\\\/\\\/carovanruit.de\\\/sell\\\/?s={search_term_string}\"},\"query-input\":{\"@type\":\"PropertyValueSpecification\",\"valueRequired\":true,\"valueName\":\"search_term_string\"}}],\"inLanguage\":\"de\"},{\"@type\":\"Organization\",\"@id\":\"https:\\\/\\\/carovanruit.de\\\/sell\\\/#organization\",\"name\":\"Kunst ist das Salz des Lebens\",\"url\":\"https:\\\/\\\/carovanruit.de\\\/sell\\\/\",\"logo\":{\"@type\":\"ImageObject\",\"inLanguage\":\"de\",\"@id\":\"https:\\\/\\\/carovanruit.de\\\/sell\\\/#\\\/schema\\\/logo\\\/image\\\/\",\"url\":\"https:\\\/\\\/carovanruit.de\\\/sell\\\/wp-content\\\/uploads\\\/2026\\\/02\\\/cropped-Shoplogo.jpg\",\"contentUrl\":\"https:\\\/\\\/carovanruit.de\\\/sell\\\/wp-content\\\/uploads\\\/2026\\\/02\\\/cropped-Shoplogo.jpg\",\"width\":512,\"height\":512,\"caption\":\"Kunst ist das Salz des Lebens\"},\"image\":{\"@id\":\"https:\\\/\\\/carovanruit.de\\\/sell\\\/#\\\/schema\\\/logo\\\/image\\\/\"},\"sameAs\":[\"https:\\\/\\\/www.facebook.com\\\/carovanruit\",\"https:\\\/\\\/x.com\\\/caro_ruit\",\"https:\\\/\\\/www.instagram.com\\\/carovanruit\\\/\",\"https:\\\/\\\/www.linkedin.com\\\/in\\\/caro-rhombus-van-ruit-51bb87231\\\/\",\"https:\\\/\\\/www.pinterest.de\\\/carorhombusvanruit\\\/\"]}]}<\/script>\n<!-- \/ Yoast SEO plugin. -->","yoast_head_json":{"title":"Galerie-Home - Home","description":"Rundgang in der galerieCARO Weimar","robots":{"index":"index","follow":"follow","max-snippet":"max-snippet:-1","max-image-preview":"max-image-preview:large","max-video-preview":"max-video-preview:-1"},"canonical":"https:\/\/carovanruit.de\/sell\/galerie-home_info\/","og_locale":"de_DE","og_type":"article","og_title":"Galerie-Home - Home","og_description":"Rundgang in der galerieCARO Weimar","og_url":"https:\/\/carovanruit.de\/sell\/galerie-home_info\/","og_site_name":"Home","article_publisher":"https:\/\/www.facebook.com\/carovanruit","article_modified_time":"2026-04-13T13:47:27+00:00","og_image":[{"width":2000,"height":2000,"url":"https:\/\/carovanruit.de\/sell\/wp-content\/uploads\/2026\/02\/img_3800.jpg","type":"image\/jpeg"}],"twitter_card":"summary_large_image","twitter_site":"@caro_ruit","twitter_misc":{"Gesch\u00e4tzte Lesezeit":"2\u00a0Minuten"},"schema":{"@context":"https:\/\/schema.org","@graph":[{"@type":"WebPage","@id":"https:\/\/carovanruit.de\/sell\/galerie-home_info\/","url":"https:\/\/carovanruit.de\/sell\/galerie-home_info\/","name":"Galerie-Home - Home","isPartOf":{"@id":"https:\/\/carovanruit.de\/sell\/#website"},"primaryImageOfPage":{"@id":"https:\/\/carovanruit.de\/sell\/galerie-home_info\/#primaryimage"},"image":{"@id":"https:\/\/carovanruit.de\/sell\/galerie-home_info\/#primaryimage"},"thumbnailUrl":"https:\/\/carovanruit.de\/sell\/wp-content\/uploads\/2026\/02\/img_3800-1024x1024.jpg","datePublished":"2026-02-16T12:54:15+00:00","dateModified":"2026-04-13T13:47:27+00:00","description":"Rundgang in der galerieCARO Weimar","breadcrumb":{"@id":"https:\/\/carovanruit.de\/sell\/galerie-home_info\/#breadcrumb"},"inLanguage":"de","potentialAction":[{"@type":"ReadAction","target":["https:\/\/carovanruit.de\/sell\/galerie-home_info\/"]}]},{"@type":"ImageObject","inLanguage":"de","@id":"https:\/\/carovanruit.de\/sell\/galerie-home_info\/#primaryimage","url":"https:\/\/carovanruit.de\/sell\/wp-content\/uploads\/2026\/02\/img_3800.jpg","contentUrl":"https:\/\/carovanruit.de\/sell\/wp-content\/uploads\/2026\/02\/img_3800.jpg","width":2000,"height":2000,"caption":"Me"},{"@type":"BreadcrumbList","@id":"https:\/\/carovanruit.de\/sell\/galerie-home_info\/#breadcrumb","itemListElement":[{"@type":"ListItem","position":1,"name":"Start","item":"https:\/\/carovanruit.de\/sell\/"},{"@type":"ListItem","position":2,"name":"Galerie-Home"}]},{"@type":"WebSite","@id":"https:\/\/carovanruit.de\/sell\/#website","url":"https:\/\/carovanruit.de\/sell\/","name":"Caro van Ruit","description":"Kunst ist das Salz des Lebens!","publisher":{"@id":"https:\/\/carovanruit.de\/sell\/#organization"},"potentialAction":[{"@type":"SearchAction","target":{"@type":"EntryPoint","urlTemplate":"https:\/\/carovanruit.de\/sell\/?s={search_term_string}"},"query-input":{"@type":"PropertyValueSpecification","valueRequired":true,"valueName":"search_term_string"}}],"inLanguage":"de"},{"@type":"Organization","@id":"https:\/\/carovanruit.de\/sell\/#organization","name":"Kunst ist das Salz des Lebens","url":"https:\/\/carovanruit.de\/sell\/","logo":{"@type":"ImageObject","inLanguage":"de","@id":"https:\/\/carovanruit.de\/sell\/#\/schema\/logo\/image\/","url":"https:\/\/carovanruit.de\/sell\/wp-content\/uploads\/2026\/02\/cropped-Shoplogo.jpg","contentUrl":"https:\/\/carovanruit.de\/sell\/wp-content\/uploads\/2026\/02\/cropped-Shoplogo.jpg","width":512,"height":512,"caption":"Kunst ist das Salz des Lebens"},"image":{"@id":"https:\/\/carovanruit.de\/sell\/#\/schema\/logo\/image\/"},"sameAs":["https:\/\/www.facebook.com\/carovanruit","https:\/\/x.com\/caro_ruit","https:\/\/www.instagram.com\/carovanruit\/","https:\/\/www.linkedin.com\/in\/caro-rhombus-van-ruit-51bb87231\/","https:\/\/www.pinterest.de\/carorhombusvanruit\/"]}]}},"jetpack_sharing_enabled":true,"_links":{"self":[{"href":"https:\/\/carovanruit.de\/sell\/wp-json\/wp\/v2\/pages\/1511","targetHints":{"allow":["GET"]}}],"collection":[{"href":"https:\/\/carovanruit.de\/sell\/wp-json\/wp\/v2\/pages"}],"about":[{"href":"https:\/\/carovanruit.de\/sell\/wp-json\/wp\/v2\/types\/page"}],"author":[{"embeddable":true,"href":"https:\/\/carovanruit.de\/sell\/wp-json\/wp\/v2\/users\/3"}],"replies":[{"embeddable":true,"href":"https:\/\/carovanruit.de\/sell\/wp-json\/wp\/v2\/comments?post=1511"}],"version-history":[{"count":17,"href":"https:\/\/carovanruit.de\/sell\/wp-json\/wp\/v2\/pages\/1511\/revisions"}],"predecessor-version":[{"id":2137,"href":"https:\/\/carovanruit.de\/sell\/wp-json\/wp\/v2\/pages\/1511\/revisions\/2137"}],"wp:attachment":[{"href":"https:\/\/carovanruit.de\/sell\/wp-json\/wp\/v2\/media?parent=1511"}],"curies":[{"name":"wp","href":"https:\/\/api.w.org\/{rel}","templated":true}]}}